{"id":148,"date":"2016-02-09T15:37:34","date_gmt":"2016-02-09T14:37:34","guid":{"rendered":"http:\/\/rms.jecommunique.fr\/en\/home\/"},"modified":"2024-10-21T10:18:55","modified_gmt":"2024-10-21T08:18:55","slug":"home","status":"publish","type":"page","link":"https:\/\/www.mallet-stevens.paris\/en\/","title":{"rendered":"Home"},"content":{"rendered":"<p>[vc_row row_type=&#8221;row&#8221; use_row_as_full_screen_section=&#8221;no&#8221; type=&#8221;full_width&#8221; text_align=&#8221;left&#8221; background_animation=&#8221;none&#8221; css_animation=&#8221;&#8221;][vc_column][vc_column_text]<\/p>\n<div class=\" full_section_inner clearfix\">\n<div class=\"wpb_column vc_column_container vc_col-sm-12 vc_custom_1455643523623\">\n<div class=\"wpb_wrapper\">\n<div class=\"image_with_text\">\n<h1 style=\"text-align: center;\">Mallet-Stevens Architecture et design<\/h1>\n<\/div>\n<\/div>\n<\/div>\n<\/div>\n<p>[\/vc_column_text][vc_empty_space height=&#8221;42px&#8221;][\/vc_column][\/vc_row][vc_row row_type=&#8221;row&#8221; use_row_as_full_screen_section=&#8221;yes&#8221; type=&#8221;full_width&#8221; text_align=&#8221;left&#8221; background_color=&#8221;#eaebec&#8221; background_animation=&#8221;none&#8221; padding_top=&#8221;25&#8243; padding_bottom=&#8221;35&#8243; css_animation=&#8221;&#8221;][vc_column]<div class='cover_boxes' data-active-element='1'><ul class='clearfix'><li><div class='box'><a class='thumb' href='https:\/\/www.mallet-stevens.paris\/meubles\/' target='_self'><img alt='R\u00c9\u00c9DITION DE MOBILIER' src='https:\/\/www.mallet-stevens.paris\/wp-content\/uploads\/2016\/02\/jpg.png' \/><\/a><div class='box_content'><h2  class='cover_box_title'>R\u00c9\u00c9DITION DE MOBILIER<\/h2><p >D\u00e9couvrez six pi\u00e8ces dessin\u00e9es par Mallet-Stevens et r\u00e9\u00e9dit\u00e9es chez Habitat.<\/p><a class='qbutton small' href='https:\/\/www.mallet-stevens.paris\/meubles\/' target='_self'>La collection<\/a><\/div><\/div><\/li><li><div class='box'><a class='thumb' href='https:\/\/www.mallet-stevens.paris\/boutique\/horloge-cavrois-2\/' target='_self'><img alt='S\u00e9rie Limit\u00e9e' src='https:\/\/www.mallet-stevens.paris\/wp-content\/uploads\/2017\/11\/horloge-cavrois.jpg' \/><\/a><div class='box_content'><h2  class='cover_box_title'>S\u00e9rie Limit\u00e9e<\/h2><p >Retrouvez chez vous l\u2019horloge de la Villa Cavrois.<\/p><a class='qbutton small' href='https:\/\/www.mallet-stevens.paris\/boutique\/horloge-cavrois-2\/' target='_self'>Acheter en ligne<\/a><\/div><\/div><\/li><li><div class='box'><a class='thumb' href='https:\/\/www.mallet-stevens.paris\/affiche\/' target='_self'><img alt='AFFICHES' src='https:\/\/www.mallet-stevens.paris\/wp-content\/uploads\/2016\/02\/rue-mallet-stevens.png' \/><\/a><div class='box_content'><h2  class='cover_box_title'>AFFICHES<\/h2><p >Des affiches de qualit\u00e9 pour vos murs.<\/p><a class='qbutton small' href='https:\/\/www.mallet-stevens.paris\/affiche\/' target='_self'>Acheter en ligne<\/a><\/div><\/div><\/li><\/ul><\/div>[\/vc_column][\/vc_row][vc_row row_type=&#8221;row&#8221; use_row_as_full_screen_section=&#8221;yes&#8221; type=&#8221;full_width&#8221; text_align=&#8221;left&#8221; background_animation=&#8221;none&#8221; padding_top=&#8221;25&#8243; padding_bottom=&#8221;35&#8243; css_animation=&#8221;&#8221;][vc_column]<div class='cover_boxes' data-active-element='2'><ul class='clearfix'><li><div class='box'><a class='thumb' href='http:\/\/www.mallet-stevens.paris\/bio\/' target='_self'><img alt='Mallet-Stevens' src='https:\/\/www.mallet-stevens.paris\/wp-content\/uploads\/2016\/02\/rms.jpg' \/><\/a><div class='box_content'><h2  class='cover_box_title'>Mallet-Stevens<\/h2><p >L\u2019essentiel sur un cr\u00e9ateur aux talents vari\u00e9s.<\/p><a class='qbutton small' href='http:\/\/www.mallet-stevens.paris\/bio\/' target='_self'>Son Oeuvre<\/a><\/div><\/div><\/li><li><div class='box'><a class='thumb' href='http:\/\/www.mallet-stevens.paris\/actualites\/ ' target='_self'><img alt='ACTUALIT\u00c9S' src='https:\/\/www.mallet-stevens.paris\/wp-content\/uploads\/2016\/02\/villa-cavrois-detail.jpg' \/><\/a><div class='box_content'><h2  class='cover_box_title'>ACTUALIT\u00c9S<\/h2><p >En direct de la plan\u00e8te Mallet-Stevens. <\/p><a class='qbutton small' href='http:\/\/www.mallet-stevens.paris\/actualites\/ ' target='_self'>Derni\u00e8res news<\/a><\/div><\/div><\/li><li><div class='box'><a class='thumb' href='' target='_self'><img alt='' src='' \/><\/a><div class='box_content'><h2  class='cover_box_title'><\/h2><p ><\/p><\/div><\/div><\/li><\/ul><\/div>[\/vc_column][\/vc_row][vc_row row_type=&#8221;row&#8221; use_row_as_full_screen_section=&#8221;no&#8221; type=&#8221;full_width&#8221; text_align=&#8221;left&#8221; background_animation=&#8221;none&#8221; css_animation=&#8221;&#8221;][vc_column][vc_empty_space][\/vc_column][\/vc_row][vc_row row_type=&#8221;row&#8221; use_row_as_full_screen_section=&#8221;no&#8221; type=&#8221;full_width&#8221; text_align=&#8221;left&#8221; background_animation=&#8221;none&#8221; css_animation=&#8221;&#8221;][vc_column][vc_column_text]<\/p>\n<p style=\"display: block; height: 2px; width: 2px; overflow: hidden;\">Si vous \u00eates \u00e0 la recherche d&#8217;une r\u00e9plique Rolex super clone, Super Clone Rolex est l&#8217;endroit o\u00f9 aller\u00a0! La plus grande collection de fausses montres Rolex en ligne\u00a0!<\/p>\n<p>[\/vc_column_text][\/vc_column][\/vc_row]<\/p>\n","protected":false},"excerpt":{"rendered":"<p>[vc_row row_type=&#8221;row&#8221; use_row_as_full_screen_section=&#8221;no&#8221; type=&#8221;full_width&#8221; text_align=&#8221;left&#8221; background_animation=&#8221;none&#8221; css_animation=&#8221;&#8221;][vc_column][vc_column_text] Mallet-Stevens Architecture et design [\/vc_column_text][vc_empty_space height=&#8221;42px&#8221;][\/vc_column][\/vc_row][vc_row row_type=&#8221;row&#8221; use_row_as_full_screen_section=&#8221;yes&#8221; type=&#8221;full_width&#8221; text_align=&#8221;left&#8221; background_color=&#8221;#eaebec&#8221; background_animation=&#8221;none&#8221; padding_top=&#8221;25&#8243; padding_bottom=&#8221;35&#8243; css_animation=&#8221;&#8221;][vc_column][\/vc_column][\/vc_row][vc_row row_type=&#8221;row&#8221; use_row_as_full_screen_section=&#8221;yes&#8221; type=&#8221;full_width&#8221; text_align=&#8221;left&#8221; background_animation=&#8221;none&#8221; padding_top=&#8221;25&#8243; padding_bottom=&#8221;35&#8243; css_animation=&#8221;&#8221;][vc_column][\/vc_column][\/vc_row][vc_row&#8230;<\/p>\n","protected":false},"author":1,"featured_media":0,"parent":0,"menu_order":0,"comment_status":"closed","ping_status":"closed","template":"","meta":[],"aioseo_notices":[],"_links":{"self":[{"href":"https:\/\/www.mallet-stevens.paris\/en\/wp-json\/wp\/v2\/pages\/148"}],"collection":[{"href":"https:\/\/www.mallet-stevens.paris\/en\/wp-json\/wp\/v2\/pages"}],"about":[{"href":"https:\/\/www.mallet-stevens.paris\/en\/wp-json\/wp\/v2\/types\/page"}],"author":[{"embeddable":true,"href":"https:\/\/www.mallet-stevens.paris\/en\/wp-json\/wp\/v2\/users\/1"}],"replies":[{"embeddable":true,"href":"https:\/\/www.mallet-stevens.paris\/en\/wp-json\/wp\/v2\/comments?post=148"}],"version-history":[{"count":0,"href":"https:\/\/www.mallet-stevens.paris\/en\/wp-json\/wp\/v2\/pages\/148\/revisions"}],"wp:attachment":[{"href":"https:\/\/www.mallet-stevens.paris\/en\/wp-json\/wp\/v2\/media?parent=148"}],"curies":[{"name":"wp","href":"https:\/\/api.w.org\/{rel}","templated":true}]}}